{"id":5476,"date":"2025-05-28T09:09:37","date_gmt":"2025-05-28T07:09:37","guid":{"rendered":"https:\/\/semanaeuropea.euskalit.net\/?page_id=5476"},"modified":"2025-05-28T09:19:24","modified_gmt":"2025-05-28T07:19:24","slug":"politica-de-privacidad","status":"publish","type":"page","link":"https:\/\/www.euskalit.net\/semana\/politica-de-privacidad\/","title":{"rendered":"POL\u00cdTICA DE PRIVACIDAD"},"content":{"rendered":"<p><div class=\"fusion-fullwidth fullwidth-box fusion-builder-row-1 fusion-flex-container has-pattern-background has-mask-background nonhundred-percent-fullwidth non-hundred-percent-height-scrolling\" style=\"--awb-border-radius-top-left:0px;--awb-border-radius-top-right:0px;--awb-border-radius-bottom-right:0px;--awb-border-radius-bottom-left:0px;--awb-flex-wrap:wrap;\" ><div class=\"fusion-builder-row fusion-row fusion-flex-align-items-flex-start fusion-flex-content-wrap\" style=\"max-width:1248px;margin-left: calc(-4% \/ 2 );margin-right: calc(-4% \/ 2 );\"><div class=\"fusion-layout-column fusion_builder_column fusion-builder-column-0 fusion_builder_column_1_1 1_1 fusion-flex-column\" style=\"--awb-bg-size:cover;--awb-width-large:100%;--awb-margin-top-large:0px;--awb-spacing-right-large:1.92%;--awb-margin-bottom-large:20px;--awb-spacing-left-large:1.92%;--awb-width-medium:100%;--awb-order-medium:0;--awb-spacing-right-medium:1.92%;--awb-spacing-left-medium:1.92%;--awb-width-small:100%;--awb-order-small:0;--awb-spacing-right-small:1.92%;--awb-spacing-left-small:1.92%;\"><div class=\"fusion-column-wrapper fusion-column-has-shadow fusion-flex-justify-content-flex-start fusion-content-layout-column\"><div class=\"fusion-text fusion-text-1\" style=\"--awb-font-size:36px;--awb-text-color:#2e7d67;--awb-text-font-family:&quot;Inter&quot;;--awb-text-font-style:normal;--awb-text-font-weight:600;\"><p>Pol\u00edtica de Privacidad<\/p>\n<\/div><\/div><\/div><\/div><\/div><div class=\"fusion-fullwidth fullwidth-box fusion-builder-row-2 fusion-flex-container has-pattern-background has-mask-background nonhundred-percent-fullwidth non-hundred-percent-height-scrolling\" style=\"--awb-border-radius-top-left:0px;--awb-border-radius-top-right:0px;--awb-border-radius-bottom-right:0px;--awb-border-radius-bottom-left:0px;--awb-flex-wrap:wrap;\" ><div class=\"fusion-builder-row fusion-row fusion-flex-align-items-flex-start fusion-flex-content-wrap\" style=\"max-width:1248px;margin-left: calc(-4% \/ 2 );margin-right: calc(-4% \/ 2 );\"><div class=\"fusion-layout-column fusion_builder_column fusion-builder-column-1 fusion_builder_column_1_1 1_1 fusion-flex-column\" style=\"--awb-bg-size:cover;--awb-width-large:100%;--awb-margin-top-large:0px;--awb-spacing-right-large:1.92%;--awb-margin-bottom-large:20px;--awb-spacing-left-large:1.92%;--awb-width-medium:100%;--awb-order-medium:0;--awb-spacing-right-medium:1.92%;--awb-spacing-left-medium:1.92%;--awb-width-small:100%;--awb-order-small:0;--awb-spacing-right-small:1.92%;--awb-spacing-left-small:1.92%;\"><div class=\"fusion-column-wrapper fusion-column-has-shadow fusion-flex-justify-content-flex-start fusion-content-layout-column\"><div class=\"fusion-text fusion-text-2\" style=\"--awb-font-size:16px;--awb-text-font-family:&quot;Inter&quot;;--awb-text-font-style:normal;--awb-text-font-weight:400;\"><h4><strong><span style=\"color: #006430;\">Identificaci\u00f3n del responsable:<\/span><\/strong><\/h4>\n<p>Fundaci\u00f3n Vasca para el Fomento de la Calidad-EUSKALIT<br \/>\nParque Tecnol\u00f3gico de Bizkaia.<br \/>\nEdif. 206A, 48170 Zamudio (Bizkaia)<br \/>\nTel\u00e9fono: 94 420 98 55<br \/>\nEmail: euskalit@euskalit.net<\/p>\n<h4><span style=\"color: #006430;\">\u00bfQui\u00e9n es el Responsable del tratamiento de sus datos?<\/span><\/h4>\n<p>La presente pol\u00edtica de privacidad aplica a todos los datos de car\u00e1cter personal que el interesado aporte a EUSKALIT, as\u00ed como a toda persona f\u00edsica interesada en las actividades y servicios que EUSKALIT ofrece a trav\u00e9s de sus p\u00e1ginas web y a trav\u00e9s de cualquier otro medio de comunicaci\u00f3n. El objetivo de la Pol\u00edtica de Privacidad de EUSKALIT es dar transparencia a la informaci\u00f3n de c\u00f3mo tratamos sus datos personales en cumplimiento de la normativa vigente en protecci\u00f3n de datos.<\/p>\n<p>EUSKALIT es una fundaci\u00f3n propiciada por Gobierno vasco para promover la Gesti\u00f3n Avanzada en las organizaciones vascas, contribuir a su competitividad y, as\u00ed, al desarrollo sostenible de Euskadi. Para la gesti\u00f3n de Euskalit, as\u00ed como para que las organizaciones interesadas y la ciudadan\u00eda en general participe de las actividades y servicios que Euskalit ofrece, es necesario recoger y tratar datos personales.<\/p>\n<p>El interesado podr\u00e1 ponerse en contacto con EUSKALIT a trav\u00e9s de la informaci\u00f3n detallada en la identificaci\u00f3n del responsable.<\/p>\n<h4><span style=\"color: #006430;\">\u00bfCon qu\u00e9 finalidad tratamos sus datos personales y con qu\u00e9 legitimaci\u00f3n?<\/span><\/h4>\n<p>EUSKALIT dispone de un Registro de Actividades de Tratamiento donde se detallan cada uno de los siguientes tratamientos realizados como responsable de tratamiento:<\/p>\n<table class=\"cebra table ui-table-reflow table-striped\">\n<thead>\n<tr>\n<th>TRATAMIENTO<\/th>\n<th>FINALIDAD<\/th>\n<th>BASE LEG\u00cdTIMA<\/th>\n<\/tr>\n<\/thead>\n<tbody>\n<tr>\n<td>Candidaturas a puestos de trabajo en EUSKALIT<\/td>\n<td>Gesti\u00f3n de curr\u00edculos de personas que se presentan a procesos de selecci\u00f3n, autocandidaturas, becas y bolsa de trabajo.<\/td>\n<td>Relaci\u00f3n pre-contractual en el que el interesado es parte.<br \/>\nEjecuci\u00f3n de un contrato en el que el interesado es parte en el caso de candidatos provenientes de empresas de selecci\u00f3n o plataformas de b\u00fasqueda de empleo<\/td>\n<\/tr>\n<tr>\n<td>Comunicaciones generales<\/td>\n<td>Env\u00edos de comunicaciones, boletines y mailings de las actividades y servicios generales de EUSKALIT.<\/td>\n<td>Inter\u00e9s leg\u00edtimo con relaci\u00f3n a la promoci\u00f3n de productos propios y mercadotecnia.<br \/>\nCumplimiento de la Ley 34\/2002 de Servicios de la Sociedad de la Informaci\u00f3n y Comercio Electr\u00f3nico.<\/td>\n<\/tr>\n<tr>\n<td>Gesti\u00f3n de clientes y proveedores<\/td>\n<td>Gesti\u00f3n administrativa y contable de clientes y proveedores.<\/td>\n<td>Relaci\u00f3n contractual o pre-contractual cuando el interesado es parte.<br \/>\nInter\u00e9s leg\u00edtimo en relaci\u00f3n a las personas de contacto que trabajan en personas jur\u00eddicas y que son necesarias para la relaci\u00f3n negocial y mercantil.<\/td>\n<\/tr>\n<tr>\n<td>Gesti\u00f3n de eventos<\/td>\n<td>Tratamientos de los datos de personas que se inscriben a eventos y actos organizadas por EUSKALIT.<\/td>\n<td>Consentimiento de la persona interesada en relaci\u00f3n con el tratamiento de la imagen y\/o voz de la persona afectada.<br \/>\nInter\u00e9s leg\u00edtimo en relaci\u00f3n con la gesti\u00f3n y organizaci\u00f3n de eventos.<br \/>\nCumplimiento de la Ley 34\/2002 de Servicios de la Sociedad de la Informaci\u00f3n y Comercio Electr\u00f3nico.<\/td>\n<\/tr>\n<tr>\n<td>Gesti\u00f3n de servicios profesionales de formaci\u00f3n y apoyo<\/td>\n<td>Gesti\u00f3n de procesos de selecci\u00f3n de candidaturas y contrataci\u00f3n de personas profesionales para servicios de formaci\u00f3n y otros servicios de apoyo.<\/td>\n<td>Consentimiento de la persona interesada en relaci\u00f3n a su prestaci\u00f3n de servicios profesionales a EUSKALIT.<br \/>\nInter\u00e9s leg\u00edtimo en relaci\u00f3n a la prestaci\u00f3n de servicios profesionales a EUSKALIT.<br \/>\nCumplimiento de la Ley 34\/2002 de servicios de la sociedad de la informaci\u00f3n y comercio electr\u00f3nico.<\/td>\n<\/tr>\n<tr>\n<td>Gesti\u00f3n de personas<\/td>\n<td>Gesti\u00f3n de las n\u00f3minas, contrataci\u00f3n, evaluaci\u00f3n de personas, formaci\u00f3n, competencias y prevenci\u00f3n de riesgos laborales.<\/td>\n<td>Contrato laboral en cumplimiento de la legislaci\u00f3n laboral y del convenio laboral que se aplique.<br \/>\nCumplimiento de obligaciones legales (Legislaci\u00f3n laboral vigente y Ley 31\/1995 de Prevenci\u00f3n de Riesgos Laborales).<br \/>\nInter\u00e9s leg\u00edtimo en relaci\u00f3n al desarrollo de competencias y evaluaci\u00f3n de desempe\u00f1o.<\/td>\n<\/tr>\n<tr>\n<td>Plataformas de evaluaci\u00f3n<\/td>\n<td>Gesti\u00f3n de datos personales vinculados a las personas participantes en las actividades de evaluaci\u00f3n (Clubs, reciclajes, organizaciones evaluadas, equipos de evaluaci\u00f3n, etc.), env\u00edo de comunicados espec\u00edficos y promoci\u00f3n de las actividades de evaluaci\u00f3n.<\/td>\n<td>Consentimiento de la persona interesada para su participaci\u00f3n en la plataforma de evaluaci\u00f3n y Clubs de EUSKALIT.<br \/>\nInter\u00e9s leg\u00edtimo en relaci\u00f3n a los tratamientos de comunicaci\u00f3n y gesti\u00f3n de actividades relacionadas.<\/td>\n<\/tr>\n<tr>\n<td>Plataformas de formaci\u00f3n e intercambio de buenas pr\u00e1cticas<\/td>\n<td>Tratamiento de datos de alumnado, env\u00edo de comunicados y gesti\u00f3n de los grupos de formaci\u00f3n.<br \/>\nGesti\u00f3n de datos personales vinculados a las personas participantes en las actividades de formaci\u00f3n e intercambio de buenas pr\u00e1cticas (alumnado, profesorado, grupos de trabajo&#8230;), env\u00edo de comunicados espec\u00edficos y promoci\u00f3n de dichas actividades.<\/td>\n<td>Relaci\u00f3n contractual respecto a los datos del profesorado.<br \/>\nConsentimiento de la persona interesada respecto a los datos de asistentes a la formaci\u00f3n.<br \/>\nInter\u00e9s leg\u00edtimo en relaci\u00f3n a las comunicaciones de promoci\u00f3n de las actividades de EUSKALIT.<\/td>\n<\/tr>\n<tr>\n<td>Patronato<\/td>\n<td>Gesti\u00f3n de datos personales vinculados a las personas de contacto que representan a los miembros del Patronato de EUSKALIT.<\/td>\n<td>Inter\u00e9s leg\u00edtimo con relaci\u00f3n a las vinculaciones mercantiles y negociales con el patronato.<\/td>\n<\/tr>\n<tr>\n<td>Entidades colaboradoras<\/td>\n<td>Gesti\u00f3n de datos personales vinculados a las personas de contacto que representan a entidades colaboradoras vinculadas a la promoci\u00f3n de la Gesti\u00f3n Avanzada en Euskadi.<\/td>\n<td>Inter\u00e9s leg\u00edtimo con relaci\u00f3n al objeto social por el que se crea EUSKALIT.<\/td>\n<\/tr>\n<tr>\n<td>Bater\u00edas de indicadores<\/td>\n<td>Gesti\u00f3n de datos personales vinculados a las personas de contacto de organizaciones usuarias de las diferentes bater\u00edas de indicadores de EUSKALIT.<\/td>\n<td>Consentimiento de la persona interesada en relaci\u00f3n con el tratamiento de la imagen y\/o voz de la persona afectada.<br \/>\nInter\u00e9s leg\u00edtimo en relaci\u00f3n con la gesti\u00f3n y organizaci\u00f3n de eventos y premios.<br \/>\nCumplimiento de la Ley 34\/2002 de Servicios de la Sociedad de la Informaci\u00f3n y Comercio Electr\u00f3nico.<\/td>\n<\/tr>\n<\/tbody>\n<\/table>\n<p>En el caso, debidamente justificado, que requiera conocer mayor detalle en cuanto al Registro de Actividades de Tratamiento puede dirigirse a EUSKALIT mediante cualquiera de los canales identificados<\/p>\n<h4><span style=\"color: #006430;\">\u00bfPor cu\u00e1nto tiempo conservamos sus datos personales?<\/span><\/h4>\n<p>EUSKALIT conservar\u00e1 los datos de los afectados mientras dure su relaci\u00f3n con la organizaci\u00f3n y posteriormente a la misma, se conservar\u00e1n los datos acorde a lo dispuesto en la normativa de archivo y documentaci\u00f3n que cada legislaci\u00f3n aplicable establezca. En caso de que solicite un derecho se proceder\u00e1 a la supresi\u00f3n de sus datos en funci\u00f3n al derecho que haya solicitado.<\/p>\n<h4><span style=\"color: #006430;\">\u00bfQui\u00e9n tiene acceso a sus datos personales?<\/span><\/h4>\n<p>EUSKALIT podr\u00e1 realizar cesiones o comunicaciones de datos personales para atender sus obligaciones con las Administraciones P\u00fablicas en los casos que as\u00ed se requiera de acuerdo con la legislaci\u00f3n vigente en cada momento.<\/p>\n<p>En el caso de necesidad, EUSKALIT solo compartir\u00e1 datos con terceros implicados en el cumplimiento de la finalidad leg\u00edtima.<\/p>\n<p>En caso de publicaci\u00f3n de los datos en el portal de Youtube y en redes sociales como Facebook o Twitter, se producir\u00e1 la transferencia internacional de los mismos a, respectivamente, Google, Inc., Facebook, Inc. y Twitter, Inc., entidades con sede en EE.UU., y acogidas al Acuerdo EU-US Privacy Shield (amparado en el art. 45.1 del Reglamento UE 2016\/679).<\/p>\n<h4><span style=\"color: #006430;\">\u00bfCu\u00e1les son los derechos de los afectados?<\/span><\/h4>\n<p>Le informamos de que podr\u00e1 ejercer los siguientes derechos:<\/p>\n<ul>\n<li>Derecho de acceso a sus datos personales para saber cu\u00e1les est\u00e1n siendo objeto de tratamiento;<\/li>\n<li>Derecho de rectificaci\u00f3n de cualquier dato personal inexacto;<\/li>\n<li>Derecho de supresi\u00f3n de sus datos personales, cuando esto sea posible;<\/li>\n<li>Derecho a solicitar la limitaci\u00f3n del tratamiento de sus datos personales cuando la exactitud, la legalidad o la necesidad del tratamiento de los datos resulte dudosa, en cuyo caso, podremos conservar los datos para el ejercicio o la defensa de reclamaciones.<\/li>\n<li>Derecho de oposici\u00f3n al tratamiento de sus datos personales, cuando la base legal que nos habilite para su tratamiento sea el inter\u00e9s leg\u00edtimo. EUSKALIT dejar\u00e1 de tratar sus datos salvo que tenga un inter\u00e9s leg\u00edtimo imperioso o para la formulaci\u00f3n, el ejercicio o la defensa de reclamaciones.<\/li>\n<li>Derecho a la portabilidad de sus datos, cuando la base legal que nos habilite para su tratamiento de las indicadas sea su consentimiento.<\/li>\n<\/ul>\n<p>Dichos derechos podr\u00e1n ser ejercitados gratuitamente por el interesado, y en su caso quien lo represente, mediante solicitud escrita dirigida a <a title=\"lopd@euskalit.net\" href=\"mailto:lopd@euskalit.net\">lopd@euskalit.net<\/a><\/p>\n<p>Adem\u00e1s de los anteriores derechos, el interesado tendr\u00e1 derecho a retirar el consentimiento otorgado en cualquier momento sin que dicha retirada de consentimiento afecte a la licitud del tratamiento anterior a la retirada del mismo. EUSKALIT podr\u00e1 continuar tratando los datos del interesado en la medida en que la ley aplicable lo permita.<\/p>\n<p>EUSKALIT recuerda al interesado que la autoridad de control a la que puede acudir en caso de requerir la tutela de sus datos es la Agencia Espa\u00f1ola de Protecci\u00f3n de Datos, cuya direcci\u00f3n postal es C\/Jorge Juan, 6, 28001 &#8211; Madrid, y su web <a title=\"www.agpd.es\" href=\"http:\/\/www.agpd.es\/\">www.agpd.es<\/a>.<\/p>\n<h4><strong><span style=\"color: #006430;\">Baja en el servicio del env\u00edo de comunicaciones comerciales<\/span><\/strong><\/h4>\n<p>El interesado tiene derecho a revocar en cualquier momento el consentimiento prestado para el env\u00edo de comunicaciones comerciales con la simple notificaci\u00f3n a EUSKALIT por la cual informa que no desea seguir recibiendo comunicaciones comerciales. Para ello, el interesado podr\u00e1 pinchar en el enlace incluido en cada comunicaci\u00f3n cancelando el env\u00edo de comunicaciones comerciales electr\u00f3nicas o bien revocar su consentimiento mediante comunicado a <a title=\"lopd@euskalit.net\" href=\"mailto:lopd@euskalit.net\">lopd@euskalit.net<\/a><\/p>\n<h4><span style=\"color: #006430;\">\u00bfQu\u00e9 medidas de seguridad tenemos implementadas?<\/span><\/h4>\n<p>EUSKALIT se compromete al cumplimiento de su obligaci\u00f3n de secreto de los datos de car\u00e1cter personal y de su deber de guardarlos, y adoptar\u00e1 las medidas necesarias para evitar su alteraci\u00f3n, p\u00e9rdida, tratamiento o acceso no autorizado, de acuerdo con lo establecido por normativa aplicable.<\/p>\n<p>EUSKALIT tiene implantadas las medidas de seguridad de \u00edndole t\u00e9cnica y organizativas necesarias para garantizar la seguridad de sus datos de car\u00e1cter personal y evitar su alteraci\u00f3n, p\u00e9rdida y tratamiento y\/o acceso no autorizado, habida cuenta del estado de la tecnolog\u00eda, la naturaleza de los datos almacenados y los riesgos a que est\u00e1n expuestos, ya provengan de la acci\u00f3n humana o del medio f\u00edsico o natural, de acuerdo a lo establecido por la normativa aplicable.<\/p>\n<h4><span style=\"color: #006430;\">Links<\/span><\/h4>\n<p>La p\u00e1gina web de EUSKALIT puede incluir hiperv\u00ednculos a otros sitios que no son operados o controlados por EUSKALIT. Por ello, EUSKALIT no garantiza, ni se hace responsable de la licitud, fiabilidad, utilidad, veracidad y actualidad de los contenidos de tales sitios web o de sus pr\u00e1cticas de privacidad. Por favor antes de proporcionar su informaci\u00f3n personal a estos sitios web ajenos a EUSKALIT tenga en cuenta que su cumplimiento en materia de protecci\u00f3n de datos puede diferir del nuestro.<\/p>\n<h4><span style=\"color: #006430;\">Modificaci\u00f3n de la Pol\u00edtica de Privacidad<\/span><\/h4>\n<p>EUSKALIT podr\u00e1 modificar su Pol\u00edtica de Privacidad de acuerdo con la legislaci\u00f3n aplicable en cada momento. En todo caso, cualquier modificaci\u00f3n de la Pol\u00edtica de Privacidad le ser\u00e1 debidamente notificada al Afectado para que, quede informado de los cambios realizados en el tratamiento de sus datos personales y, en caso de que la normativa aplicable as\u00ed lo exija, el Afectado pueda otorgar su consentimiento.<\/p>\n<p><span style=\"color: #006430;\"><b>\u00daltima actualizaci\u00f3n de la Pol\u00edtica de Privacidad de EUSKALIT 22 julio de 2019<\/b><\/span><\/p>\n<\/div><\/div><\/div><\/div><\/div><\/p>\n","protected":false},"excerpt":{"rendered":"","protected":false},"author":1,"featured_media":0,"parent":0,"menu_order":0,"comment_status":"closed","ping_status":"closed","template":"","meta":{"_acf_changed":false,"footnotes":""},"class_list":["post-5476","page","type-page","status-publish","hentry"],"acf":[],"yoast_head":"<!-- This site is optimized with the Yoast SEO plugin v26.0 - https:\/\/yoast.com\/wordpress\/plugins\/seo\/ -->\n<title>POL\u00cdTICA DE PRIVACIDAD - Semana Europea de la Gesti\u00f3n Avanzada<\/title>\n<meta name=\"robots\" content=\"index, follow, max-snippet:-1, max-image-preview:large, max-video-preview:-1\" \/>\n<link rel=\"canonical\" href=\"https:\/\/www.euskalit.net\/semana\/politica-de-privacidad\/\" \/>\n<meta property=\"og:locale\" content=\"es_ES\" \/>\n<meta property=\"og:type\" content=\"article\" \/>\n<meta property=\"og:title\" content=\"POL\u00cdTICA DE PRIVACIDAD - Semana Europea de la Gesti\u00f3n Avanzada\" \/>\n<meta property=\"og:url\" content=\"https:\/\/www.euskalit.net\/semana\/politica-de-privacidad\/\" \/>\n<meta property=\"og:site_name\" content=\"Semana Europea de la Gesti\u00f3n Avanzada\" \/>\n<meta property=\"article:modified_time\" content=\"2025-05-28T07:19:24+00:00\" \/>\n<meta name=\"twitter:card\" content=\"summary_large_image\" \/>\n<meta name=\"twitter:label1\" content=\"Tiempo de lectura\" \/>\n\t<meta name=\"twitter:data1\" content=\"16 minutos\" \/>\n<script type=\"application\/ld+json\" class=\"yoast-schema-graph\">{\"@context\":\"https:\/\/schema.org\",\"@graph\":[{\"@type\":\"WebPage\",\"@id\":\"https:\/\/www.euskalit.net\/semana\/politica-de-privacidad\/\",\"url\":\"https:\/\/www.euskalit.net\/semana\/politica-de-privacidad\/\",\"name\":\"POL\u00cdTICA DE PRIVACIDAD - Semana Europea de la Gesti\u00f3n Avanzada\",\"isPartOf\":{\"@id\":\"https:\/\/www.euskalit.net\/semana\/#website\"},\"datePublished\":\"2025-05-28T07:09:37+00:00\",\"dateModified\":\"2025-05-28T07:19:24+00:00\",\"breadcrumb\":{\"@id\":\"https:\/\/www.euskalit.net\/semana\/politica-de-privacidad\/#breadcrumb\"},\"inLanguage\":\"es\",\"potentialAction\":[{\"@type\":\"ReadAction\",\"target\":[\"https:\/\/www.euskalit.net\/semana\/politica-de-privacidad\/\"]}]},{\"@type\":\"BreadcrumbList\",\"@id\":\"https:\/\/www.euskalit.net\/semana\/politica-de-privacidad\/#breadcrumb\",\"itemListElement\":[{\"@type\":\"ListItem\",\"position\":1,\"name\":\"Portada\",\"item\":\"https:\/\/www.euskalit.net\/semana\/\"},{\"@type\":\"ListItem\",\"position\":2,\"name\":\"POL\u00cdTICA DE PRIVACIDAD\"}]},{\"@type\":\"WebSite\",\"@id\":\"https:\/\/www.euskalit.net\/semana\/#website\",\"url\":\"https:\/\/www.euskalit.net\/semana\/\",\"name\":\"Semana Europea de la Gesti\u00f3n Avanzada\",\"description\":\"Semana Europea de la Gesti\u00f3n Avanzada\",\"publisher\":{\"@id\":\"https:\/\/www.euskalit.net\/semana\/#organization\"},\"potentialAction\":[{\"@type\":\"SearchAction\",\"target\":{\"@type\":\"EntryPoint\",\"urlTemplate\":\"https:\/\/www.euskalit.net\/semana\/?s={search_term_string}\"},\"query-input\":{\"@type\":\"PropertyValueSpecification\",\"valueRequired\":true,\"valueName\":\"search_term_string\"}}],\"inLanguage\":\"es\"},{\"@type\":\"Organization\",\"@id\":\"https:\/\/www.euskalit.net\/semana\/#organization\",\"name\":\"Semana Europea de la Gesti\u00f3n Avanzada\",\"url\":\"https:\/\/www.euskalit.net\/semana\/\",\"logo\":{\"@type\":\"ImageObject\",\"inLanguage\":\"es\",\"@id\":\"https:\/\/www.euskalit.net\/semana\/#\/schema\/logo\/image\/\",\"url\":\"https:\/\/www.euskalit.net\/semanawp-content\/uploads\/2025\/05\/logotipo-euskalit@3x.png\",\"contentUrl\":\"https:\/\/www.euskalit.net\/semanawp-content\/uploads\/2025\/05\/logotipo-euskalit@3x.png\",\"width\":849,\"height\":201,\"caption\":\"Semana Europea de la Gesti\u00f3n Avanzada\"},\"image\":{\"@id\":\"https:\/\/www.euskalit.net\/semana\/#\/schema\/logo\/image\/\"}}]}<\/script>\n<!-- \/ Yoast SEO plugin. -->","yoast_head_json":{"title":"POL\u00cdTICA DE PRIVACIDAD - Semana Europea de la Gesti\u00f3n Avanzada","robots":{"index":"index","follow":"follow","max-snippet":"max-snippet:-1","max-image-preview":"max-image-preview:large","max-video-preview":"max-video-preview:-1"},"canonical":"https:\/\/www.euskalit.net\/semana\/politica-de-privacidad\/","og_locale":"es_ES","og_type":"article","og_title":"POL\u00cdTICA DE PRIVACIDAD - Semana Europea de la Gesti\u00f3n Avanzada","og_url":"https:\/\/www.euskalit.net\/semana\/politica-de-privacidad\/","og_site_name":"Semana Europea de la Gesti\u00f3n Avanzada","article_modified_time":"2025-05-28T07:19:24+00:00","twitter_card":"summary_large_image","twitter_misc":{"Tiempo de lectura":"16 minutos"},"schema":{"@context":"https:\/\/schema.org","@graph":[{"@type":"WebPage","@id":"https:\/\/www.euskalit.net\/semana\/politica-de-privacidad\/","url":"https:\/\/www.euskalit.net\/semana\/politica-de-privacidad\/","name":"POL\u00cdTICA DE PRIVACIDAD - Semana Europea de la Gesti\u00f3n Avanzada","isPartOf":{"@id":"https:\/\/www.euskalit.net\/semana\/#website"},"datePublished":"2025-05-28T07:09:37+00:00","dateModified":"2025-05-28T07:19:24+00:00","breadcrumb":{"@id":"https:\/\/www.euskalit.net\/semana\/politica-de-privacidad\/#breadcrumb"},"inLanguage":"es","potentialAction":[{"@type":"ReadAction","target":["https:\/\/www.euskalit.net\/semana\/politica-de-privacidad\/"]}]},{"@type":"BreadcrumbList","@id":"https:\/\/www.euskalit.net\/semana\/politica-de-privacidad\/#breadcrumb","itemListElement":[{"@type":"ListItem","position":1,"name":"Portada","item":"https:\/\/www.euskalit.net\/semana\/"},{"@type":"ListItem","position":2,"name":"POL\u00cdTICA DE PRIVACIDAD"}]},{"@type":"WebSite","@id":"https:\/\/www.euskalit.net\/semana\/#website","url":"https:\/\/www.euskalit.net\/semana\/","name":"Semana Europea de la Gesti\u00f3n Avanzada","description":"Semana Europea de la Gesti\u00f3n Avanzada","publisher":{"@id":"https:\/\/www.euskalit.net\/semana\/#organization"},"potentialAction":[{"@type":"SearchAction","target":{"@type":"EntryPoint","urlTemplate":"https:\/\/www.euskalit.net\/semana\/?s={search_term_string}"},"query-input":{"@type":"PropertyValueSpecification","valueRequired":true,"valueName":"search_term_string"}}],"inLanguage":"es"},{"@type":"Organization","@id":"https:\/\/www.euskalit.net\/semana\/#organization","name":"Semana Europea de la Gesti\u00f3n Avanzada","url":"https:\/\/www.euskalit.net\/semana\/","logo":{"@type":"ImageObject","inLanguage":"es","@id":"https:\/\/www.euskalit.net\/semana\/#\/schema\/logo\/image\/","url":"https:\/\/www.euskalit.net\/semanawp-content\/uploads\/2025\/05\/logotipo-euskalit@3x.png","contentUrl":"https:\/\/www.euskalit.net\/semanawp-content\/uploads\/2025\/05\/logotipo-euskalit@3x.png","width":849,"height":201,"caption":"Semana Europea de la Gesti\u00f3n Avanzada"},"image":{"@id":"https:\/\/www.euskalit.net\/semana\/#\/schema\/logo\/image\/"}}]}},"_links":{"self":[{"href":"https:\/\/www.euskalit.net\/semana\/wp-json\/wp\/v2\/pages\/5476","targetHints":{"allow":["GET"]}}],"collection":[{"href":"https:\/\/www.euskalit.net\/semana\/wp-json\/wp\/v2\/pages"}],"about":[{"href":"https:\/\/www.euskalit.net\/semana\/wp-json\/wp\/v2\/types\/page"}],"author":[{"embeddable":true,"href":"https:\/\/www.euskalit.net\/semana\/wp-json\/wp\/v2\/users\/1"}],"replies":[{"embeddable":true,"href":"https:\/\/www.euskalit.net\/semana\/wp-json\/wp\/v2\/comments?post=5476"}],"version-history":[{"count":5,"href":"https:\/\/www.euskalit.net\/semana\/wp-json\/wp\/v2\/pages\/5476\/revisions"}],"predecessor-version":[{"id":5481,"href":"https:\/\/www.euskalit.net\/semana\/wp-json\/wp\/v2\/pages\/5476\/revisions\/5481"}],"wp:attachment":[{"href":"https:\/\/www.euskalit.net\/semana\/wp-json\/wp\/v2\/media?parent=5476"}],"curies":[{"name":"wp","href":"https:\/\/api.w.org\/{rel}","templated":true}]}}